{"id":3233,"date":"2021-06-23T15:51:23","date_gmt":"2021-06-23T14:51:23","guid":{"rendered":"http:\/\/relaunch.gruen-weiss-suentel.de\/?page_id=3233"},"modified":"2021-06-23T15:56:45","modified_gmt":"2021-06-23T14:56:45","slug":"wandersparte","status":"publish","type":"page","link":"http:\/\/relaunch.gruen-weiss-suentel.de\/?page_id=3233","title":{"rendered":"Wandersparte"},"content":{"rendered":"\t\t<div data-elementor-type=\"wp-page\" data-elementor-id=\"3233\" class=\"elementor elementor-3233\">\n\t\t\t\t\t\t<section class=\"elementor-section elementor-top-section elementor-element elementor-element-a4c98b2 elementor-section-boxed elementor-section-height-default elementor-section-height-default\" data-id=\"a4c98b2\" data-element_type=\"section\" data-e-type=\"section\">\n\t\t\t\t\t\t<div class=\"elementor-container elementor-column-gap-default\">\n\t\t\t\t\t<div class=\"elementor-column elementor-col-100 elementor-top-column elementor-element elementor-element-5ba16dfd\" data-id=\"5ba16dfd\" data-element_type=\"column\" data-e-type=\"column\">\n\t\t\t<div class=\"elementor-widget-wrap elementor-element-populated\">\n\t\t\t\t\t\t<div class=\"elementor-element elementor-element-234e6156 elementor-widget elementor-widget-text-editor\" data-id=\"234e6156\" data-element_type=\"widget\" data-e-type=\"widget\" data-widget_type=\"text-editor.default\">\n\t\t\t\t<div class=\"elementor-widget-container\">\n\t\t\t\t\t\t\t\t\t<p><\/p>\n<h3 class=\"has-normal-font-size wp-block-heading\">&#8230; und wir lassen es uns gut gehen<\/h3>\n<p><\/p>\n<ul class=\"has-normal-font-size wp-block-list\">\n<li>Natur erleben<\/li>\n<li>neue Landschaften kennenlernen<\/li>\n<li>heimatlich Gefilde neu entdecken<\/li>\n<li>gesunde Bewegung an der frischen Luft<\/li>\n<li>nette Leute treffen<\/li>\n<li>Spa\u00df haben<\/li>\n<\/ul>\n<p><\/p>\n<h3 class=\"has-normal-font-size wp-block-heading\">&#8230; und wo gibt es das alles?<\/h3>\n<p><\/p>\n<ul class=\"wp-block-list\">\n<li>bei uns &#8211; der Wandersparte des SV Gr\u00fcn-Wei\u00df-S\u00fcntel<\/li>\n<\/ul>\n<p><\/p>\n<h3 class=\"has-normal-font-size wp-block-heading\">&#8230; interessiert?<\/h3>\n<p><\/p>\n<ul class=\"wp-block-list\">\n<li>Weitere Informationen bei Familie Sohns (05151\/88433) oder Monika Schneider (05151\/14367).<\/li>\n<\/ul>\n<p><\/p>\n<p><\/p>\n<h3 class=\"has-medium-font-size wp-block-heading\">auf Schuster&#8217;s Rappen unterwegs &#8230;.<\/h3>\n<p><\/p>\n<figure class=\"wp-block-image\"><img decoding=\"async\" src=\"http:\/\/gruen-weiss-suentel.de\/images\/wanderschuhe.jpg\" alt=\"\" \/><\/figure>\n<p><\/p>\n<p>Die Wandersparte des SV Gr\u00fcn-Wei\u00df-S\u00fcntel wurde im Juni 2010 gegr\u00fcndet. Wir sind eine Gruppe von ca.15 Personen, die sich aus Freude am Wandern und der Natur zusammengefunden hat.<\/p>\n<p><\/p>\n<p>Wir treffen uns &#8211; von wenigen Ausnahmen abgesehen &#8211; an jedem ersten Sonntag im Monat und erwandern die n\u00e4here und weitere Umgebung. Treffpunkt und Uhrzeit ergeben sich aus dem <u>Wanderplan<\/u>.<\/p>\n<p><\/p>\n<p>Der Wanderplan wird von allen gemeinsam im Januar festgelegt und wird hier auf der Homepage ver\u00f6ffentlicht. Aktuell werden die Wanderungen in der DWZ und durch Aushang im S\u00fcnteltal angek\u00fcndigt. Die gemeinsame Planung ist uns besonders wichtig, da jedermann Wanderungen vorschlagen kann und auch f\u00fcr die Durchf\u00fchrung verantwortlich ist. Dadurch kommen viele Ideen zur Sprache und unser Programm wird sehr abwechslungsreich. Wir freuen uns auf jeden Neuzugang oder auch Gast, denn neue Leute bringen auch neue Ideen ein und bereichern damit die Sparte.<\/p>\n<p><\/p>\n<p>Unsere Wanderungen gehen \u00fcber 10 &#8211; 15 km und dauern insgesamt 4 &#8211; 5 Stunden (einschl. An- und Abfahrt). Wir erreichen unsere Ausgangspunkte mit PKW in Fahrgemeinschaften. Rucksackverpflegung ist allgemein angesagt, aber wenn sich die Gelegenheit bietet, lassen wir die Wanderungen auch bei einer kleinen Einkehr mit Kaffee und Kuchen oder einem Getr\u00e4nk ausklingen.<\/p>\n<p><\/p>\n<p>Die Wanderungen sind von jedermann mit normaler Kondition zu bew\u00e4ltigen.<\/p>\n<p><\/p>\n<p><\/p>\n<h1 class=\"wp-block-heading\">Herzlich Willkommen<\/h1>\n<div><img decoding=\"async\" src=\"http:\/\/gruen-weiss-suentel.de\/images\/wandern.JPG\" \/><\/div>\n<p><\/p>\t\t\t\t\t\t\t\t<\/div>\n\t\t\t\t<\/div>\n\t\t\t\t\t<\/div>\n\t\t<\/div>\n\t\t\t\t\t<\/div>\n\t\t<\/section>\n\t\t\t\t<section class=\"elementor-section elementor-top-section elementor-element elementor-element-853f293 elementor-section-boxed elementor-section-height-default elementor-section-height-default\" data-id=\"853f293\" data-element_type=\"section\" data-e-type=\"section\">\n\t\t\t\t\t\t<div class=\"elementor-container elementor-column-gap-default\">\n\t\t\t\t\t<div class=\"elementor-column elementor-col-100 elementor-top-column elementor-element elementor-element-bd1aa98\" data-id=\"bd1aa98\" data-element_type=\"column\" data-e-type=\"column\">\n\t\t\t<div class=\"elementor-widget-wrap elementor-element-populated\">\n\t\t\t\t\t\t<div class=\"elementor-element elementor-element-5bce72a elementor-widget elementor-widget-heading\" data-id=\"5bce72a\" data-element_type=\"widget\" data-e-type=\"widget\" data-widget_type=\"heading.default\">\n\t\t\t\t<div class=\"elementor-widget-container\">\n\t\t\t\t\t<h2 class=\"elementor-heading-title elementor-size-default\">Wanderplan<\/h2>\t\t\t\t<\/div>\n\t\t\t\t<\/div>\n\t\t\t\t\t<\/div>\n\t\t<\/div>\n\t\t\t\t\t<\/div>\n\t\t<\/section>\n\t\t\t\t<\/div>\n\t\t","protected":false},"excerpt":{"rendered":"<p>&#8230; und wir lassen es uns gut gehen Natur erleben neue Landschaften kennenlernen heimatlich Gefilde neu entdecken gesunde Bewegung an der frischen Luft nette Leute treffen Spa\u00df haben &#8230; und wo gibt es das alles? bei uns &#8211; der Wandersparte des SV Gr\u00fcn-Wei\u00df-S\u00fcntel &#8230; interessiert? Weitere Informationen bei Familie Sohns (05151\/88433) oder Monika Schneider (05151\/14367). [&hellip;]<\/p>\n","protected":false},"author":3,"featured_media":0,"parent":0,"menu_order":0,"comment_status":"closed","ping_status":"closed","template":"","meta":{"site-sidebar-layout":"default","site-content-layout":"default","ast-site-content-layout":"default","site-content-style":"default","site-sidebar-style":"default","ast-global-header-display":"","ast-banner-title-visibility":"","ast-main-header-display":"","ast-hfb-above-header-display":"","ast-hfb-below-header-display":"","ast-hfb-mobile-header-display":"","site-post-title":"","ast-breadcrumbs-content":"","ast-featured-img":"","footer-sml-layout":"","ast-disable-related-posts":"","theme-transparent-header-meta":"default","adv-header-id-meta":"","stick-header-meta":"","header-above-stick-meta":"","header-main-stick-meta":"","header-below-stick-meta":"","astra-migrate-meta-layouts":"default","ast-page-background-enabled":"default","ast-page-background-meta":{"desktop":{"background-color":"","background-image":"","background-repeat":"repeat","background-position":"center center","background-size":"auto","background-attachment":"scroll","background-type":"","background-media":"","overlay-type":"","overlay-color":"","overlay-opacity":"","overlay-gradient":""},"tablet":{"background-color":"","background-image":"","background-repeat":"repeat","background-position":"center center","background-size":"auto","background-attachment":"scroll","background-type":"","background-media":"","overlay-type":"","overlay-color":"","overlay-opacity":"","overlay-gradient":""},"mobile":{"background-color":"","background-image":"","background-repeat":"repeat","background-position":"center center","background-size":"auto","background-attachment":"scroll","background-type":"","background-media":"","overlay-type":"","overlay-color":"","overlay-opacity":"","overlay-gradient":""}},"ast-content-background-meta":{"desktop":{"background-color":"var(--ast-global-color-5)","background-image":"","background-repeat":"repeat","background-position":"center center","background-size":"auto","background-attachment":"scroll","background-type":"","background-media":"","overlay-type":"","overlay-color":"","overlay-opacity":"","overlay-gradient":""},"tablet":{"background-color":"var(--ast-global-color-5)","background-image":"","background-repeat":"repeat","background-position":"center center","background-size":"auto","background-attachment":"scroll","background-type":"","background-media":"","overlay-type":"","overlay-color":"","overlay-opacity":"","overlay-gradient":""},"mobile":{"background-color":"var(--ast-global-color-5)","background-image":"","background-repeat":"repeat","background-position":"center center","background-size":"auto","background-attachment":"scroll","background-type":"","background-media":"","overlay-type":"","overlay-color":"","overlay-opacity":"","overlay-gradient":""}},"footnotes":""},"class_list":["post-3233","page","type-page","status-publish","hentry"],"_links":{"self":[{"href":"http:\/\/relaunch.gruen-weiss-suentel.de\/index.php?rest_route=\/wp\/v2\/pages\/3233","targetHints":{"allow":["GET"]}}],"collection":[{"href":"http:\/\/relaunch.gruen-weiss-suentel.de\/index.php?rest_route=\/wp\/v2\/pages"}],"about":[{"href":"http:\/\/relaunch.gruen-weiss-suentel.de\/index.php?rest_route=\/wp\/v2\/types\/page"}],"author":[{"embeddable":true,"href":"http:\/\/relaunch.gruen-weiss-suentel.de\/index.php?rest_route=\/wp\/v2\/users\/3"}],"replies":[{"embeddable":true,"href":"http:\/\/relaunch.gruen-weiss-suentel.de\/index.php?rest_route=%2Fwp%2Fv2%2Fcomments&post=3233"}],"version-history":[{"count":0,"href":"http:\/\/relaunch.gruen-weiss-suentel.de\/index.php?rest_route=\/wp\/v2\/pages\/3233\/revisions"}],"wp:attachment":[{"href":"http:\/\/relaunch.gruen-weiss-suentel.de\/index.php?rest_route=%2Fwp%2Fv2%2Fmedia&parent=3233"}],"curies":[{"name":"wp","href":"https:\/\/api.w.org\/{rel}","templated":true}]}}