{"id":3226,"date":"2021-06-23T15:40:02","date_gmt":"2021-06-23T14:40:02","guid":{"rendered":"http:\/\/relaunch.gruen-weiss-suentel.de\/?page_id=3226"},"modified":"2024-03-28T10:37:11","modified_gmt":"2024-03-28T09:37:11","slug":"kinderturnen","status":"publish","type":"page","link":"http:\/\/relaunch.gruen-weiss-suentel.de\/?page_id=3226","title":{"rendered":"Kinderturnen"},"content":{"rendered":"\t\t<div data-elementor-type=\"wp-page\" data-elementor-id=\"3226\" class=\"elementor elementor-3226\">\n\t\t\t\t\t\t<section class=\"elementor-section elementor-top-section elementor-element elementor-element-7cdb6aef elementor-section-boxed elementor-section-height-default elementor-section-height-default\" data-id=\"7cdb6aef\" data-element_type=\"section\" data-e-type=\"section\">\n\t\t\t\t\t\t<div class=\"elementor-container elementor-column-gap-default\">\n\t\t\t\t\t<div class=\"elementor-column elementor-col-100 elementor-top-column elementor-element elementor-element-3436a278\" data-id=\"3436a278\" data-element_type=\"column\" data-e-type=\"column\">\n\t\t\t<div class=\"elementor-widget-wrap elementor-element-populated\">\n\t\t\t\t\t\t<div class=\"elementor-element elementor-element-4080c4a4 elementor-widget elementor-widget-text-editor\" data-id=\"4080c4a4\" data-element_type=\"widget\" data-e-type=\"widget\" data-widget_type=\"text-editor.default\">\n\t\t\t\t<div class=\"elementor-widget-container\">\n\t\t\t\t\t\t\t\t\t<p class=\"MsoNormal\" style=\"margin: 0cm; font-size: medium; font-family: 'Times New Roman', serif; caret-color: #000000; color: #000000; font-style: normal;\"><span style=\"font-family: Calibri, sans-serif; font-size: 11pt; background-color: var(--ast-global-color-5);\">\u00a0<\/span><\/p>\n<p class=\"MsoNormal\" style=\"margin: 0cm; font-size: medium; font-family: 'Times New Roman', serif; caret-color: #000000; color: #000000; font-style: normal;\"><span style=\"font-family: Calibri, sans-serif; font-size: 11pt; background-color: var(--ast-global-color-5);\">Jeden Freitag von 15.00 bis 17.00 Uhr h\u00f6rt man es in unserer sch\u00f6nen Turnhalle in Holtensen: kichern, trippeln, trampeln, h\u00fcpfen, singen und vieles mehr, denn zu diesem Zeitpunkt findet unser Kinderturnen dort statt.<\/span><\/p>\n<p class=\"MsoNormal\" style=\"margin: 0cm; font-size: medium; font-family: 'Times New Roman', serif; caret-color: #000000; color: #000000; font-style: normal;\"><span style=\"font-size: 11pt; font-family: Calibri, sans-serif;\">In zwei Gruppen wird hier auch schon den Kleinsten spielerisch ein Gef\u00fchl f\u00fcr die eigene Motorik vermittelt. Ob durchs Klettern, Kriechen, Springen oder Laufen werden die Kinder k\u00f6rperlich gefordert und gef\u00f6rdert. In der Gruppe der J\u00fcngeren geschieht dies noch mit Unterst\u00fctzung der Eltern. Begleitet mit kleineren Spielchen und Liedchen haben hier w\u00f6chentlich ca. 15 ein- bis vierj\u00e4hrige und ihre Eltern die Chance, auch eher un\u00fcblichen Alltagsaktivit\u00e4ten nachzukommen. Etwas fortgeschrittener, mit gemeinschaftlichen Bewegungsspielen und vereinzelten Tanzaktionen geht es in der Gruppe der vier bis siebenj\u00e4hrigen zu.<\/span><\/p>\n<p class=\"MsoNormal\" style=\"margin: 0cm; font-size: medium; font-family: 'Times New Roman', serif; caret-color: #000000; color: #000000; font-style: normal;\"><span style=\"font-size: 11pt; font-family: Calibri, sans-serif;\">Zu Ereignissen wie Fasching oder Weihnachten gibt es besondere Stunden, die meist nicht nur die Kinder, sondern auch die Erwachsenen zum Schmunzeln bringen. Zum Fasching verkleideten sich alle Beteiligten und tauchten f\u00fcr jeweils eine Stunde in eine kunterbunte Welt voller Luftballons und Luftschlangen ein. Vom Feuerwehrmann bis zum Einhorn war alles dabei.\u00a0<br \/>An besonders warmen Tagen im Sommer wird das Kinderturnen nach drau\u00dfen verlegt. Hierbei bietet der Schulhof der Grundschule Holtensen viel Platz und viele M\u00f6glichkeiten f\u00fcr die Kinder, sich so richtig auszutoben.\u00a0<\/span><\/p>\n<p class=\"MsoNormal\" style=\"margin: 0cm; font-size: medium; font-family: 'Times New Roman', serif; caret-color: #000000; color: #000000; font-style: normal;\"><span style=\"font-size: 11pt; font-family: Calibri, sans-serif;\">Unser Kinderturnteam freut sich riesig \u00fcber das eine oder andere neue Gesicht bei uns in der Halle. Schnupperstunden sind hierf\u00fcr nat\u00fcrlich m\u00f6glich. Sie k\u00f6nnen auch bei uns auf Instagram unter @kinderturnen_gws vorbeischauen, um einen noch genaueren Einblick in unser Programm zu erhalten.<\/span><\/p>\n<p class=\"MsoNormal\" style=\"margin: 0cm; font-size: medium; font-family: 'Times New Roman', serif; caret-color: #000000; color: #000000; font-style: normal;\"><span style=\"font-size: 11pt; font-family: Calibri, sans-serif;\">Oder sie schauen einfach mal freitags um 15.00 Uhr f\u00fcr die Gruppe der 4-7 j\u00e4hrigen oder um 16.00 Uhr f\u00fcr die Gruppe der 1-4 j\u00e4hrigen vorbei. Wir freuen uns auf Sie und ihre Kinder!<\/span><\/p>\n<p class=\"MsoNormal\" style=\"margin: 0cm; font-size: medium; font-family: 'Times New Roman', serif; caret-color: #000000; color: #000000; font-style: normal;\"><span style=\"font-size: 11pt; font-family: Calibri, sans-serif;\">\u00a0<\/span><\/p>\n<p class=\"MsoNormal\" style=\"margin: 0cm; font-size: medium; font-family: 'Times New Roman', serif; caret-color: #000000; color: #000000; font-style: normal;\"><span style=\"font-size: 11pt; font-family: Calibri, sans-serif;\">Kontakt: Maria Bittner, Tel. 05151 100026<\/span><\/p>\t\t\t\t\t\t\t\t<\/div>\n\t\t\t\t<\/div>\n\t\t\t\t\t<\/div>\n\t\t<\/div>\n\t\t\t\t\t<\/div>\n\t\t<\/section>\n\t\t\t\t<\/div>\n\t\t","protected":false},"excerpt":{"rendered":"<p>\u00a0 Jeden Freitag von 15.00 bis 17.00 Uhr h\u00f6rt man es in unserer sch\u00f6nen Turnhalle in Holtensen: kichern, trippeln, trampeln, h\u00fcpfen, singen und vieles mehr, denn zu diesem Zeitpunkt findet unser Kinderturnen dort statt. In zwei Gruppen wird hier auch schon den Kleinsten spielerisch ein Gef\u00fchl f\u00fcr die eigene Motorik vermittelt. Ob durchs Klettern, Kriechen, [&hellip;]<\/p>\n","protected":false},"author":3,"featured_media":0,"parent":0,"menu_order":0,"comment_status":"closed","ping_status":"closed","template":"","meta":{"site-sidebar-layout":"default","site-content-layout":"default","ast-site-content-layout":"default","site-content-style":"default","site-sidebar-style":"default","ast-global-header-display":"","ast-banner-title-visibility":"","ast-main-header-display":"","ast-hfb-above-header-display":"","ast-hfb-below-header-display":"","ast-hfb-mobile-header-display":"","site-post-title":"","ast-breadcrumbs-content":"","ast-featured-img":"","footer-sml-layout":"","ast-disable-related-posts":"","theme-transparent-header-meta":"default","adv-header-id-meta":"","stick-header-meta":"","header-above-stick-meta":"","header-main-stick-meta":"","header-below-stick-meta":"","astra-migrate-meta-layouts":"default","ast-page-background-enabled":"default","ast-page-background-meta":{"desktop":{"background-color":"","background-image":"","background-repeat":"repeat","background-position":"center center","background-size":"auto","background-attachment":"scroll","background-type":"","background-media":"","overlay-type":"","overlay-color":"","overlay-opacity":"","overlay-gradient":""},"tablet":{"background-color":"","background-image":"","background-repeat":"repeat","background-position":"center center","background-size":"auto","background-attachment":"scroll","background-type":"","background-media":"","overlay-type":"","overlay-color":"","overlay-opacity":"","overlay-gradient":""},"mobile":{"background-color":"","background-image":"","background-repeat":"repeat","background-position":"center center","background-size":"auto","background-attachment":"scroll","background-type":"","background-media":"","overlay-type":"","overlay-color":"","overlay-opacity":"","overlay-gradient":""}},"ast-content-background-meta":{"desktop":{"background-color":"var(--ast-global-color-5)","background-image":"","background-repeat":"repeat","background-position":"center center","background-size":"auto","background-attachment":"scroll","background-type":"","background-media":"","overlay-type":"","overlay-color":"","overlay-opacity":"","overlay-gradient":""},"tablet":{"background-color":"var(--ast-global-color-5)","background-image":"","background-repeat":"repeat","background-position":"center center","background-size":"auto","background-attachment":"scroll","background-type":"","background-media":"","overlay-type":"","overlay-color":"","overlay-opacity":"","overlay-gradient":""},"mobile":{"background-color":"var(--ast-global-color-5)","background-image":"","background-repeat":"repeat","background-position":"center center","background-size":"auto","background-attachment":"scroll","background-type":"","background-media":"","overlay-type":"","overlay-color":"","overlay-opacity":"","overlay-gradient":""}},"footnotes":""},"class_list":["post-3226","page","type-page","status-publish","hentry"],"_links":{"self":[{"href":"http:\/\/relaunch.gruen-weiss-suentel.de\/index.php?rest_route=\/wp\/v2\/pages\/3226","targetHints":{"allow":["GET"]}}],"collection":[{"href":"http:\/\/relaunch.gruen-weiss-suentel.de\/index.php?rest_route=\/wp\/v2\/pages"}],"about":[{"href":"http:\/\/relaunch.gruen-weiss-suentel.de\/index.php?rest_route=\/wp\/v2\/types\/page"}],"author":[{"embeddable":true,"href":"http:\/\/relaunch.gruen-weiss-suentel.de\/index.php?rest_route=\/wp\/v2\/users\/3"}],"replies":[{"embeddable":true,"href":"http:\/\/relaunch.gruen-weiss-suentel.de\/index.php?rest_route=%2Fwp%2Fv2%2Fcomments&post=3226"}],"version-history":[{"count":0,"href":"http:\/\/relaunch.gruen-weiss-suentel.de\/index.php?rest_route=\/wp\/v2\/pages\/3226\/revisions"}],"wp:attachment":[{"href":"http:\/\/relaunch.gruen-weiss-suentel.de\/index.php?rest_route=%2Fwp%2Fv2%2Fmedia&parent=3226"}],"curies":[{"name":"wp","href":"https:\/\/api.w.org\/{rel}","templated":true}]}}