{"id":3202,"date":"2020-10-02T19:24:51","date_gmt":"2020-10-02T18:24:51","guid":{"rendered":"http:\/\/relaunch.gruen-weiss-suentel.de\/?page_id=3202"},"modified":"2021-07-23T18:57:05","modified_gmt":"2021-07-23T17:57:05","slug":"badminton","status":"publish","type":"page","link":"http:\/\/relaunch.gruen-weiss-suentel.de\/?page_id=3202","title":{"rendered":"Badminton"},"content":{"rendered":"\t\t<div data-elementor-type=\"wp-page\" data-elementor-id=\"3202\" class=\"elementor elementor-3202\">\n\t\t\t\t\t\t<section class=\"elementor-section elementor-top-section elementor-element elementor-element-f2574d1 elementor-section-boxed elementor-section-height-default elementor-section-height-default\" data-id=\"f2574d1\" data-element_type=\"section\" data-e-type=\"section\">\n\t\t\t\t\t\t<div class=\"elementor-container elementor-column-gap-default\">\n\t\t\t\t\t<div class=\"elementor-column elementor-col-100 elementor-top-column elementor-element elementor-element-8c05515\" data-id=\"8c05515\" data-element_type=\"column\" data-e-type=\"column\">\n\t\t\t<div class=\"elementor-widget-wrap elementor-element-populated\">\n\t\t\t\t\t\t<div class=\"elementor-element elementor-element-13d2fad elementor-widget elementor-widget-spacer\" data-id=\"13d2fad\" data-element_type=\"widget\" data-e-type=\"widget\" data-widget_type=\"spacer.default\">\n\t\t\t\t<div class=\"elementor-widget-container\">\n\t\t\t\t\t\t\t<div class=\"elementor-spacer\">\n\t\t\t<div class=\"elementor-spacer-inner\"><\/div>\n\t\t<\/div>\n\t\t\t\t\t\t<\/div>\n\t\t\t\t<\/div>\n\t\t\t\t\t<\/div>\n\t\t<\/div>\n\t\t\t\t\t<\/div>\n\t\t<\/section>\n\t\t\t\t<section class=\"elementor-section elementor-top-section elementor-element elementor-element-32fb190 elementor-section-boxed elementor-section-height-default elementor-section-height-default\" data-id=\"32fb190\" data-element_type=\"section\" data-e-type=\"section\">\n\t\t\t\t\t\t<div class=\"elementor-container elementor-column-gap-default\">\n\t\t\t\t\t<div class=\"elementor-column elementor-col-100 elementor-top-column elementor-element elementor-element-30e498c\" data-id=\"30e498c\" data-element_type=\"column\" data-e-type=\"column\">\n\t\t\t<div class=\"elementor-widget-wrap elementor-element-populated\">\n\t\t\t\t\t\t<div class=\"elementor-element elementor-element-7de3451 elementor-widget elementor-widget-heading\" data-id=\"7de3451\" data-element_type=\"widget\" data-e-type=\"widget\" data-widget_type=\"heading.default\">\n\t\t\t\t<div class=\"elementor-widget-container\">\n\t\t\t\t\t<h2 class=\"elementor-heading-title elementor-size-default\">Badminton<\/h2>\t\t\t\t<\/div>\n\t\t\t\t<\/div>\n\t\t\t\t\t<\/div>\n\t\t<\/div>\n\t\t\t\t\t<\/div>\n\t\t<\/section>\n\t\t\t\t<section class=\"elementor-section elementor-top-section elementor-element elementor-element-ef08709 elementor-section-boxed elementor-section-height-default elementor-section-height-default\" data-id=\"ef08709\" data-element_type=\"section\" data-e-type=\"section\">\n\t\t\t\t\t\t<div class=\"elementor-container elementor-column-gap-default\">\n\t\t\t\t\t<div class=\"elementor-column elementor-col-100 elementor-top-column elementor-element elementor-element-e4bac75\" data-id=\"e4bac75\" data-element_type=\"column\" data-e-type=\"column\">\n\t\t\t<div class=\"elementor-widget-wrap elementor-element-populated\">\n\t\t\t\t\t\t<div class=\"elementor-element elementor-element-3b6853e elementor-widget elementor-widget-text-editor\" data-id=\"3b6853e\" data-element_type=\"widget\" data-e-type=\"widget\" data-widget_type=\"text-editor.default\">\n\t\t\t\t<div class=\"elementor-widget-container\">\n\t\t\t\t\t\t\t\t\t<p><em>&#8222;Ein Badmintonspieler sollte verf\u00fcgen \u00fcber die Ausdauer eines Marathonl\u00e4ufers, die Schnelligkeit eines Sprinters, die Sprungkraft eines Hochspringers, die Armkraft eines Speerwerfers, die Schlagst\u00e4rke eines Schmiedes, die Gewandtheit einer Artistin, die Reaktionsf\u00e4higkeit eines Fechters, die Konzentrationsf\u00e4higkeit eines Schachspielers, die Menschenkenntnis eines Staubsaugervertreters, die psychische H\u00e4rte eines Arktisforschers, die Nervenst\u00e4rke eines Sprengmeisters, &#8230; , die Besessenheit eines Bergsteigers sowie \u00fcber die Intuition und Phantasie eines K\u00fcnstlers. Weil diese Eigenschaften so selten in einer Person versammelt sind, gibt es so wenig gute Badmintonspieler.&#8220; (Quelle: Martin Knupp,Yonex-Badminton-Jahrbuch 1986)&#8220;<\/em><\/p><p><span style=\"color: #ff0000;\"><b> &#8230;und damit das anders wird, gibt es das Badminton-Training beim<\/b><\/span> <b>Gr\u00fcn-Wei\u00df-S\u00fcntel e.V.<\/b><\/p><h5>Wer kann mitmachen?<\/h5><ul><li>Kinder und Jugendliche: ab 6 Jahren &#8211; die Kinder und Jugendlichen werden in die Sportart Badminton eingef\u00fchrt und lernen, ihrem Niveau nach, Kondition, Koordination, Technik und Taktik<\/li><li>Erwachsene: ab 16 Jahren &#8211; Anf\u00e4nger, Hobby und Ge\u00fcbte<\/li><li><b>im Vordergrund steht der Spa\u00df am Spiel!<\/b><\/li><\/ul><div><b>Was braucht man?<\/b><br \/><b><br \/><\/b><\/div><ul><li>sportgerechte Kleidung und Hallenturnschuhe<\/li><li>Anf\u00e4ngerschl\u00e4ger sind vorhanden &#8211; eigene Schl\u00e4ger sind aber die bessere Wahl &#8211; dabei muss es kein Profiger\u00e4t sein<\/li><li>B\u00e4lle stellt der Verein<\/li><\/ul><h5>Wie und wann findet Ihr uns?<\/h5><ul><li>In der Sporthalle Holtensen<\/li><li><strong>Kinder und Jugendliche:<\/strong> Jeden Donnerstag au\u00dferhalb der Schulferien, in der Zeit von 16:30 bis 18:00 Uhr<\/li><li><strong>Erwachsene:<\/strong> Jeden Donnerstag au\u00dferhalb der Schulferien, in der Zeit von 18:00 &#8211; 19:30 Uhr<\/li><\/ul><div>Wer leitet das Training?<\/div><ul><li><strong>Kinder und Jugendliche:<\/strong> Lennart F\u00fcchtenhans &#8211; mit \u00fcber 10 Jahren Spielerfahrung in dieser Einzel- und Mannschaftssportart<\/li><li><strong>Erwachsene:<\/strong> Marco Meyer &#8211; ein Urgestein mit \u00fcber 25 Jahren Erfahrung<\/li><\/ul><div><strong>Hast Du Lust bekommen? Dann melde Dich doch einfach bei:<\/strong><br \/><strong><br \/><\/strong><\/div><div>Marco Meyer, 05151-560640, m.meyer-hameln@t-online.de<\/div><div>\u00a0<\/div><p><b>\u00a0<\/b><\/p>\t\t\t\t\t\t\t\t<\/div>\n\t\t\t\t<\/div>\n\t\t\t\t\t<\/div>\n\t\t<\/div>\n\t\t\t\t\t<\/div>\n\t\t<\/section>\n\t\t\t\t<section class=\"elementor-section elementor-top-section elementor-element elementor-element-23b192c elementor-section-boxed elementor-section-height-default elementor-section-height-default\" data-id=\"23b192c\" data-element_type=\"section\" data-e-type=\"section\">\n\t\t\t\t\t\t<div class=\"elementor-container elementor-column-gap-default\">\n\t\t\t\t\t<div class=\"elementor-column elementor-col-100 elementor-top-column elementor-element elementor-element-f8be2e1\" data-id=\"f8be2e1\" data-element_type=\"column\" data-e-type=\"column\">\n\t\t\t<div class=\"elementor-widget-wrap elementor-element-populated\">\n\t\t\t\t\t\t<div class=\"elementor-element elementor-element-33da314 elementor-widget elementor-widget-toggle\" data-id=\"33da314\" data-element_type=\"widget\" data-e-type=\"widget\" data-widget_type=\"toggle.default\">\n\t\t\t\t<div class=\"elementor-widget-container\">\n\t\t\t\t\t\t\t<div class=\"elementor-toggle\">\n\t\t\t\t\t\t\t<div class=\"elementor-toggle-item\">\n\t\t\t\t\t<div id=\"elementor-tab-title-5431\" class=\"elementor-tab-title\" data-tab=\"1\" role=\"button\" aria-controls=\"elementor-tab-content-5431\" aria-expanded=\"false\">\n\t\t\t\t\t\t\t\t\t\t\t\t<span class=\"elementor-toggle-icon elementor-toggle-icon-left\" aria-hidden=\"true\">\n\t\t\t\t\t\t\t\t\t\t\t\t\t\t\t<span class=\"elementor-toggle-icon-closed\"><i class=\"fas fa-caret-right\"><\/i><\/span>\n\t\t\t\t\t\t\t\t<span class=\"elementor-toggle-icon-opened\"><i class=\"elementor-toggle-icon-opened fas fa-caret-up\"><\/i><\/span>\n\t\t\t\t\t\t\t\t\t\t\t\t\t<\/span>\n\t\t\t\t\t\t\t\t\t\t\t\t<a class=\"elementor-toggle-title\" tabindex=\"0\">Wissenswertes - Spieler und Spielfeld<\/a>\n\t\t\t\t\t<\/div>\n\n\t\t\t\t\t<div id=\"elementor-tab-content-5431\" class=\"elementor-tab-content elementor-clearfix\" data-tab=\"1\" role=\"region\" aria-labelledby=\"elementor-tab-title-5431\"><p>Gespielt wird im &#8222;Einzel&#8220; mit je einem Spieler auf jeder Seite, im &#8222;Doppel&#8220; und &#8222;Mixed&#8220; sind es je 2 Spieler.<\/p><p>\u00a0<\/p><h1><img fetchpriority=\"high\" decoding=\"async\" class=\"alignnone size-medium wp-image-3204\" src=\"http:\/\/relaunch.gruen-weiss-suentel.de\/wp-content\/uploads\/badmintonfeld-300x215.jpg\" alt=\"\" width=\"300\" height=\"215\" srcset=\"http:\/\/relaunch.gruen-weiss-suentel.de\/wp-content\/uploads\/badmintonfeld-300x215.jpg 300w, http:\/\/relaunch.gruen-weiss-suentel.de\/wp-content\/uploads\/badmintonfeld-768x552.jpg 768w, http:\/\/relaunch.gruen-weiss-suentel.de\/wp-content\/uploads\/badmintonfeld.jpg 813w\" sizes=\"(max-width: 300px) 100vw, 300px\" \/><\/h1><\/div>\n\t\t\t\t<\/div>\n\t\t\t\t\t\t\t<div class=\"elementor-toggle-item\">\n\t\t\t\t\t<div id=\"elementor-tab-title-5432\" class=\"elementor-tab-title\" data-tab=\"2\" role=\"button\" aria-controls=\"elementor-tab-content-5432\" aria-expanded=\"false\">\n\t\t\t\t\t\t\t\t\t\t\t\t<span class=\"elementor-toggle-icon elementor-toggle-icon-left\" aria-hidden=\"true\">\n\t\t\t\t\t\t\t\t\t\t\t\t\t\t\t<span class=\"elementor-toggle-icon-closed\"><i class=\"fas fa-caret-right\"><\/i><\/span>\n\t\t\t\t\t\t\t\t<span class=\"elementor-toggle-icon-opened\"><i class=\"elementor-toggle-icon-opened fas fa-caret-up\"><\/i><\/span>\n\t\t\t\t\t\t\t\t\t\t\t\t\t<\/span>\n\t\t\t\t\t\t\t\t\t\t\t\t<a class=\"elementor-toggle-title\" tabindex=\"0\">Wissenswertes - Der Aufschlag<\/a>\n\t\t\t\t\t<\/div>\n\n\t\t\t\t\t<div id=\"elementor-tab-content-5432\" class=\"elementor-tab-content elementor-clearfix\" data-tab=\"2\" role=\"region\" aria-labelledby=\"elementor-tab-title-5432\"><h6>Der Aufschlag (auch Service genannt)<\/h6><p>Zum Aufschlag (Service) stehen sich korrekterweise im Einzel der Aufschlagende (Servierender &#8211; das hat nichts mit Kellnern zu tun : !) und der Annehmende innerhalb diagonal gegen\u00fcberliegender Aufschlagfelder gegen\u00fcber (Spielfeld siehe oben). Das erste Aufschlagrecht wird ausgelost, bei geradem eigenem Punktestand erfolgt der Aufschlag von rechts, bei ungeradem von links. Im Doppel\/Mixed beginnt der erste Aufschl\u00e4ger (im rechten Aufschlagfeld stehend), dann schl\u00e4gt der Partner des Annehmenden \/ ersten R\u00fcckschl\u00e4gers auf, danach der Partner des ersten Aufschl\u00e4gers und wiederum danach der erste Annehmende\/erste R\u00fcckschl\u00e4ger, u.s.w. Gewinnt die aufschlagende Partei den Ballwechsel, so schl\u00e4gt der Aufschl\u00e4ger weiter auf. Er wechselt dann in das andere Aufschlagfeld und schl\u00e4gt auf den Partner des ersten R\u00fcckschl\u00e4gers auf. Bei mehreren Punktgewinnen wechselt er also immer zwischen dem rechten und linken Aufschlagfeld. Gewinnt die r\u00fcckschlagende Partei den Ballwechsel, so erh\u00e4lt sie Punkt und Aufschlagrecht. Wichtig: Die Positionen werden weder auf der Verliererseite noch auf der Gewinnerseite gewechselt.<\/p><\/div>\n\t\t\t\t<\/div>\n\t\t\t\t\t\t\t<div class=\"elementor-toggle-item\">\n\t\t\t\t\t<div id=\"elementor-tab-title-5433\" class=\"elementor-tab-title\" data-tab=\"3\" role=\"button\" aria-controls=\"elementor-tab-content-5433\" aria-expanded=\"false\">\n\t\t\t\t\t\t\t\t\t\t\t\t<span class=\"elementor-toggle-icon elementor-toggle-icon-left\" aria-hidden=\"true\">\n\t\t\t\t\t\t\t\t\t\t\t\t\t\t\t<span class=\"elementor-toggle-icon-closed\"><i class=\"fas fa-caret-right\"><\/i><\/span>\n\t\t\t\t\t\t\t\t<span class=\"elementor-toggle-icon-opened\"><i class=\"elementor-toggle-icon-opened fas fa-caret-up\"><\/i><\/span>\n\t\t\t\t\t\t\t\t\t\t\t\t\t<\/span>\n\t\t\t\t\t\t\t\t\t\t\t\t<a class=\"elementor-toggle-title\" tabindex=\"0\">Wissenswertes - Punkte z\u00e4hlen, Seitenwechsel und Pausen<\/a>\n\t\t\t\t\t<\/div>\n\n\t\t\t\t\t<div id=\"elementor-tab-content-5433\" class=\"elementor-tab-content elementor-clearfix\" data-tab=\"3\" role=\"region\" aria-labelledby=\"elementor-tab-title-5433\"><p>Gespielt wird \u00fcblicherweise in zwei Gewinns\u00e4tzen mit 21 Punkten pro Satz, wobei am Satzende ein Vorsprung von mindestens zwei Punkten erreicht werden muss. Am Ende eines Satzes und wenn die f\u00fchrende Seite im dritten Satz 11 Punkte erreicht hat, werden die Spielseiten gewechselt. Gepunktet wir immer dann, wenn:<br \/><br \/><\/p><ul><li>der Aufschlagende \/ Servierende beim Aufschlag den Ball verfehlt<\/li><li>wenn irgendein anderes Objekt, z.B. der Schl\u00e4ger oder die Kleidung eines der Spieler(innen), au\u00dfer dem Ball, das Netz ber\u00fchrt (wenn der Ball im Spiel ist)<\/li><li>ein Spieler den Federball zweimal in Folge ber\u00fchrt<\/li><li>der Ball w\u00e4hrend des Spiels Kleidung oder K\u00f6rper eines Spielers ber\u00fchrt<\/li><li>der Aufschlag \/ der Service nicht korrekt ist (z.B. falsches Aufschlagfeld oder au\u00dferhalb des Feldes)<\/li><li>der Ball w\u00e4hrend des Spiels au\u00dferhalb des Feldes landet (Linien geh\u00f6ren noch zum Spielfeld)<\/li><li>der Ball den Spielfeldboden ber\u00fchrt, durch das Netz oder unter dem Netz gespielt wird<\/li><li>der Ball vom Spieler nicht auf seiner Seite des Feldes getroffen wird<\/li><li>im Doppel ein Spieler den Aufschlag annimmt, den sein Partner h\u00e4tte annehmen m\u00fcssen; ein Ball, der die Netzkante ber\u00fchrt, befindet sich weiter im Spiel, wenn er dabei das Netz \u00fcberquert<\/li><li>ein Spieler das Netz ber\u00fchrt (solange der Ball im Spiel ist) oder der Schl\u00e4ger vor dem Balltreffpunkt \u00fcber\/unter das Netz in das gegnerische Feld gef\u00fchrt wird oder der Spieler selbst in das gegnerische Feld oder den Luftraum \u00fcber dem gegnerischen Feld eindringt. Wird der Ball auf der eigenen Seite geschlagen (Schmetterball) und schwingt der Schl\u00e4ger danach durch den Luftraum \u00fcber dem gegnerischen Feld, so ist dies kein Fehler<\/li><li>der Ball w\u00e4hrend des Spieles die Decke ber\u00fchrt (Deckenber\u00fchrung beim Aufschlag je nach Hallenh\u00f6he Fehler oder Wiederholung)<\/li><\/ul><p><br \/><br \/>Da es sich beim Badminton um ein sehr schnelles Reaktionsspiel handelt, dass neben Koordination auch eine geh\u00f6rige Portion Kondition fordert, wird nach jedem Satz eine Pause von 2 Minuten eingelegt, in der das Spielfeld verlassen werden darf. Im dritten Satz, sollte es dazu kommen, wird nachdem der\/die F\u00fchrende(n) 11 Punkte erzielt haben, eine Pause von einer Minute eingelegt, in der das Spielfeld nicht verlassen werden darf.<br \/>Weitere Erl\u00e4uterungen k\u00f6nnen auch unter <a href=\"http:\/\/www.badmintonregeln.com\/home.htm\" target=\"_blank\" rel=\"noopener\">www.badmintonregeln.com<\/a> (vom 26.10.2013) und auf den diversen Internetseiten der Sportverb\u00e4nde eingesehen werden. <\/p><\/div>\n\t\t\t\t<\/div>\n\t\t\t\t\t\t\t\t<\/div>\n\t\t\t\t\t\t<\/div>\n\t\t\t\t<\/div>\n\t\t\t\t\t<\/div>\n\t\t<\/div>\n\t\t\t\t\t<\/div>\n\t\t<\/section>\n\t\t\t\t<\/div>\n\t\t","protected":false},"excerpt":{"rendered":"<p>Badminton &#8222;Ein Badmintonspieler sollte verf\u00fcgen \u00fcber die Ausdauer eines Marathonl\u00e4ufers, die Schnelligkeit eines Sprinters, die Sprungkraft eines Hochspringers, die Armkraft eines Speerwerfers, die Schlagst\u00e4rke eines Schmiedes, die Gewandtheit einer Artistin, die Reaktionsf\u00e4higkeit eines Fechters, die Konzentrationsf\u00e4higkeit eines Schachspielers, die Menschenkenntnis eines Staubsaugervertreters, die psychische H\u00e4rte eines Arktisforschers, die Nervenst\u00e4rke eines Sprengmeisters, &#8230; , die Besessenheit [&hellip;]<\/p>\n","protected":false},"author":2,"featured_media":0,"parent":0,"menu_order":0,"comment_status":"closed","ping_status":"closed","template":"","meta":{"site-sidebar-layout":"no-sidebar","site-content-layout":"page-builder","ast-site-content-layout":"default","site-content-style":"default","site-sidebar-style":"default","ast-global-header-display":"","ast-banner-title-visibility":"","ast-main-header-display":"","ast-hfb-above-header-display":"","ast-hfb-below-header-display":"","ast-hfb-mobile-header-display":"","site-post-title":"disabled","ast-breadcrumbs-content":"","ast-featured-img":"disabled","footer-sml-layout":"","ast-disable-related-posts":"","theme-transparent-header-meta":"default","adv-header-id-meta":"","stick-header-meta":"","header-above-stick-meta":"","header-main-stick-meta":"","header-below-stick-meta":"","astra-migrate-meta-layouts":"default","ast-page-background-enabled":"default","ast-page-background-meta":{"desktop":{"background-color":"","background-image":"","background-repeat":"repeat","background-position":"center center","background-size":"auto","background-attachment":"scroll","background-type":"","background-media":"","overlay-type":"","overlay-color":"","overlay-opacity":"","overlay-gradient":""},"tablet":{"background-color":"","background-image":"","background-repeat":"repeat","background-position":"center center","background-size":"auto","background-attachment":"scroll","background-type":"","background-media":"","overlay-type":"","overlay-color":"","overlay-opacity":"","overlay-gradient":""},"mobile":{"background-color":"","background-image":"","background-repeat":"repeat","background-position":"center center","background-size":"auto","background-attachment":"scroll","background-type":"","background-media":"","overlay-type":"","overlay-color":"","overlay-opacity":"","overlay-gradient":""}},"ast-content-background-meta":{"desktop":{"background-color":"var(--ast-global-color-5)","background-image":"","background-repeat":"repeat","background-position":"center center","background-size":"auto","background-attachment":"scroll","background-type":"","background-media":"","overlay-type":"","overlay-color":"","overlay-opacity":"","overlay-gradient":""},"tablet":{"background-color":"var(--ast-global-color-5)","background-image":"","background-repeat":"repeat","background-position":"center center","background-size":"auto","background-attachment":"scroll","background-type":"","background-media":"","overlay-type":"","overlay-color":"","overlay-opacity":"","overlay-gradient":""},"mobile":{"background-color":"var(--ast-global-color-5)","background-image":"","background-repeat":"repeat","background-position":"center center","background-size":"auto","background-attachment":"scroll","background-type":"","background-media":"","overlay-type":"","overlay-color":"","overlay-opacity":"","overlay-gradient":""}},"footnotes":""},"class_list":["post-3202","page","type-page","status-publish","hentry"],"_links":{"self":[{"href":"http:\/\/relaunch.gruen-weiss-suentel.de\/index.php?rest_route=\/wp\/v2\/pages\/3202","targetHints":{"allow":["GET"]}}],"collection":[{"href":"http:\/\/relaunch.gruen-weiss-suentel.de\/index.php?rest_route=\/wp\/v2\/pages"}],"about":[{"href":"http:\/\/relaunch.gruen-weiss-suentel.de\/index.php?rest_route=\/wp\/v2\/types\/page"}],"author":[{"embeddable":true,"href":"http:\/\/relaunch.gruen-weiss-suentel.de\/index.php?rest_route=\/wp\/v2\/users\/2"}],"replies":[{"embeddable":true,"href":"http:\/\/relaunch.gruen-weiss-suentel.de\/index.php?rest_route=%2Fwp%2Fv2%2Fcomments&post=3202"}],"version-history":[{"count":0,"href":"http:\/\/relaunch.gruen-weiss-suentel.de\/index.php?rest_route=\/wp\/v2\/pages\/3202\/revisions"}],"wp:attachment":[{"href":"http:\/\/relaunch.gruen-weiss-suentel.de\/index.php?rest_route=%2Fwp%2Fv2%2Fmedia&parent=3202"}],"curies":[{"name":"wp","href":"https:\/\/api.w.org\/{rel}","templated":true}]}}