{"id":3115,"date":"2020-03-31T21:43:37","date_gmt":"2020-03-31T20:43:37","guid":{"rendered":"http:\/\/relaunch.gruen-weiss-suentel.de\/?page_id=3115"},"modified":"2024-03-28T10:07:39","modified_gmt":"2024-03-28T09:07:39","slug":"fussball","status":"publish","type":"page","link":"http:\/\/relaunch.gruen-weiss-suentel.de\/?page_id=3115","title":{"rendered":"Fussball"},"content":{"rendered":"\t\t<div data-elementor-type=\"wp-page\" data-elementor-id=\"3115\" class=\"elementor elementor-3115\">\n\t\t\t\t\t\t<section class=\"elementor-section elementor-top-section elementor-element elementor-element-4bf0fb23 elementor-section-boxed elementor-section-height-default elementor-section-height-default\" data-id=\"4bf0fb23\" data-element_type=\"section\" data-e-type=\"section\">\n\t\t\t\t\t\t<div class=\"elementor-container elementor-column-gap-default\">\n\t\t\t\t\t<div class=\"elementor-column elementor-col-100 elementor-top-column elementor-element elementor-element-9d3ac37\" data-id=\"9d3ac37\" data-element_type=\"column\" data-e-type=\"column\">\n\t\t\t<div class=\"elementor-widget-wrap elementor-element-populated\">\n\t\t\t\t\t\t<div class=\"elementor-element elementor-element-896a9db elementor-widget elementor-widget-heading\" data-id=\"896a9db\" data-element_type=\"widget\" data-e-type=\"widget\" data-widget_type=\"heading.default\">\n\t\t\t\t<div class=\"elementor-widget-container\">\n\t\t\t\t\t<h2 class=\"elementor-heading-title elementor-size-default\">Fu\u00dfball<\/h2>\t\t\t\t<\/div>\n\t\t\t\t<\/div>\n\t\t\t\t\t<\/div>\n\t\t<\/div>\n\t\t\t\t\t<\/div>\n\t\t<\/section>\n\t\t\t\t<section class=\"elementor-section elementor-top-section elementor-element elementor-element-3093c39 elementor-section-boxed elementor-section-height-default elementor-section-height-default\" data-id=\"3093c39\" data-element_type=\"section\" data-e-type=\"section\">\n\t\t\t\t\t\t<div class=\"elementor-container elementor-column-gap-default\">\n\t\t\t\t\t<div class=\"elementor-column elementor-col-100 elementor-top-column elementor-element elementor-element-a5e168b\" data-id=\"a5e168b\" data-element_type=\"column\" data-e-type=\"column\">\n\t\t\t<div class=\"elementor-widget-wrap elementor-element-populated\">\n\t\t\t\t\t\t<div class=\"elementor-element elementor-element-4ad52fb elementor-widget elementor-widget-image\" data-id=\"4ad52fb\" data-element_type=\"widget\" data-e-type=\"widget\" data-widget_type=\"image.default\">\n\t\t\t\t<div class=\"elementor-widget-container\">\n\t\t\t\t\t\t\t\t\t\t\t\t\t\t\t<img fetchpriority=\"high\" decoding=\"async\" width=\"1024\" height=\"426\" src=\"http:\/\/relaunch.gruen-weiss-suentel.de\/wp-content\/uploads\/Fussball-1-1024x426.jpg\" class=\"attachment-large size-large wp-image-3118\" alt=\"\" srcset=\"http:\/\/relaunch.gruen-weiss-suentel.de\/wp-content\/uploads\/Fussball-1-1024x426.jpg 1024w, http:\/\/relaunch.gruen-weiss-suentel.de\/wp-content\/uploads\/Fussball-1-300x125.jpg 300w, http:\/\/relaunch.gruen-weiss-suentel.de\/wp-content\/uploads\/Fussball-1-768x319.jpg 768w, http:\/\/relaunch.gruen-weiss-suentel.de\/wp-content\/uploads\/Fussball-1-1536x639.jpg 1536w, http:\/\/relaunch.gruen-weiss-suentel.de\/wp-content\/uploads\/Fussball-1.jpg 1688w\" sizes=\"(max-width: 1024px) 100vw, 1024px\" \/>\t\t\t\t\t\t\t\t\t\t\t\t\t\t\t<\/div>\n\t\t\t\t<\/div>\n\t\t\t\t\t<\/div>\n\t\t<\/div>\n\t\t\t\t\t<\/div>\n\t\t<\/section>\n\t\t\t\t<section class=\"elementor-section elementor-top-section elementor-element elementor-element-eb02aba elementor-section-boxed elementor-section-height-default elementor-section-height-default\" data-id=\"eb02aba\" data-element_type=\"section\" data-e-type=\"section\">\n\t\t\t\t\t\t<div class=\"elementor-container elementor-column-gap-default\">\n\t\t\t\t\t<div class=\"elementor-column elementor-col-100 elementor-top-column elementor-element elementor-element-fede921\" data-id=\"fede921\" data-element_type=\"column\" data-e-type=\"column\">\n\t\t\t<div class=\"elementor-widget-wrap elementor-element-populated\">\n\t\t\t\t\t\t<div class=\"elementor-element elementor-element-79033ed elementor-widget elementor-widget-text-editor\" data-id=\"79033ed\" data-element_type=\"widget\" data-e-type=\"widget\" data-widget_type=\"text-editor.default\">\n\t\t\t\t<div class=\"elementor-widget-container\">\n\t\t\t\t\t\t\t\t\t<h3>Ohne geht gar nicht&#8230;<\/h3><p>Werdet Ihr gerade von euren Eltern beidf\u00fcssig erzogen und glaubt nicht mehr an die Zahnfee? Dann ist es Zeit f\u00fcr die GWS-Fu\u00dfball-Talentschmiede. Hier werdet Ihr nicht zu Stadionpartisanen und Pudelm\u00fctzentr\u00e4gern ausgebildet, sondern zu elf Freunden, deren Horizont nicht am Spielfeldrand endet.<\/p><p>ABC-Sch\u00fctzen lernen bei uns das Alphabet, wenn auch umgekehrt. Von der F- \u00fcber die E-, D- und C-Jugend in den Junioren-Bereich. Eine Olympiade vergeht und Ihr schnuppert den Rasen der Erwachsenen. Den Traum vom Ferrari ausgetr\u00e4umt, die Faust in der Tasche wollt ihr immer noch gewinnen. Das Stadion nennt sich Waldbad- oder Horst-Dey-Arena und die Gegner hei\u00dfen immer noch Klein Berkel oder Germania Hagen. Ihr bleibt euch treu, die Jahre vergehen, Ihr f\u00fchlt euch jung &#8211; nur eure K\u00f6rper sagen euch etwas anderes. Frei nach Berthold Brecht &#8222;Um uns selbst m\u00fcssen wir uns selbst k\u00fcmmern&#8220;. Wenn Ihr also auch nur an einem Schnellrestaurant mit dem Auto vorbei fahren m\u00fcsst und gleich ein Kilo zugenommen habt, seid Ihr herzlich willkommen in der Alt-Herren von Gr\u00fcn-Wei\u00df S\u00fcntel. Wir sind alle keine Rehkitze mehr und Elfen werdet Ihr ebenfalls nicht bei uns finden. Aber daf\u00fcr feine Fu\u00dfballer mit der Gabe f\u00fcr den Pass in die Schnittstelle der Kette oder dem Abschluss unter Bedr\u00e4ngnis.<\/p><p>Es gibt wahrlich schlechtere Dinge als ein Fu\u00dfballerleben bei Gr\u00fcn-Wei\u00df S\u00fcntel.<\/p><ul><li>Ansprechpartner Alt-Herren: Jens Kettelhake Tel.: 0179 9981811<\/li><li>Ansprechpartner Jugend und Herren: Wolfgang Schultze Tel.: 05151 53879<\/li><\/ul><div><span style=\"color: rgba(0, 0, 0, 0.87); font-family: 'Lab Grotesque', Roboto, 'Helvetica Neue', Helvetica, Arial, sans-serif; font-size: medium; font-style: normal; font-weight: 400; white-space: pre-wrap; background-color: #f7f7f7;\">Hier geht\u2019s zum Jugendfu\u00dfball:<\/span><br style=\"color: rgba(0, 0, 0, 0.87); font-family: 'Lab Grotesque', Roboto, 'Helvetica Neue', Helvetica, Arial, sans-serif; font-size: medium; white-space: pre-wrap; background-color: #f7f7f7;\" \/><span style=\"color: rgba(0, 0, 0, 0.87); font-family: 'Lab Grotesque', Roboto, 'Helvetica Neue', Helvetica, Arial, sans-serif; font-size: medium; font-style: normal; font-weight: 400; white-space: pre-wrap; background-color: #f7f7f7;\">Instagram: <\/span><a class=\"autolinked autolinked-url\" style=\"font-style: normal; font-variant-numeric: inherit; font-variant-east-asian: inherit; font-weight: 400; font-stretch: inherit; font-size: medium; line-height: inherit; font-family: 'Lab Grotesque', Roboto, 'Helvetica Neue', Helvetica, Arial, sans-serif; font-optical-sizing: inherit; font-kerning: inherit; font-feature-settings: inherit; font-variation-settings: inherit; transition-duration: 0.4s; transition-timing-function: ease; transition-property: color; color: #05a63f; cursor: pointer; white-space: pre-wrap; background-color: #f7f7f7;\" href=\"https:\/\/www.instagram.com\/jsg_fsh\/\" target=\"_blank\" rel=\"noopener noreferrer\">https:\/\/www.instagram.com\/jsg_fsh\/<\/a><br style=\"color: rgba(0, 0, 0, 0.87); font-family: 'Lab Grotesque', Roboto, 'Helvetica Neue', Helvetica, Arial, sans-serif; font-size: medium; white-space: pre-wrap; background-color: #f7f7f7;\" \/><span style=\"color: rgba(0, 0, 0, 0.87); font-family: 'Lab Grotesque', Roboto, 'Helvetica Neue', Helvetica, Arial, sans-serif; font-size: medium; font-style: normal; font-weight: 400; white-space: pre-wrap; background-color: #f7f7f7;\">Facebook: <\/span><a class=\"autolinked autolinked-url\" style=\"font-style: normal; font-variant-numeric: inherit; font-variant-east-asian: inherit; font-weight: 400; font-stretch: inherit; font-size: medium; line-height: inherit; font-family: 'Lab Grotesque', Roboto, 'Helvetica Neue', Helvetica, Arial, sans-serif; font-optical-sizing: inherit; font-kerning: inherit; font-feature-settings: inherit; font-variation-settings: inherit; transition-duration: 0.4s; transition-timing-function: ease; transition-property: color; color: #05a63f; cursor: pointer; white-space: pre-wrap; background-color: #f7f7f7;\" href=\"https:\/\/www.facebook.com\/coach.jsg.flegessen.suentel.hachmuehlen\" target=\"_blank\" rel=\"noopener noreferrer\">https:\/\/www.facebook.com\/coach.jsg.flegessen.suentel.hachmuehlen<\/a><\/div>\t\t\t\t\t\t\t\t<\/div>\n\t\t\t\t<\/div>\n\t\t\t\t\t<\/div>\n\t\t<\/div>\n\t\t\t\t\t<\/div>\n\t\t<\/section>\n\t\t\t\t<\/div>\n\t\t","protected":false},"excerpt":{"rendered":"<p>Fu\u00dfball Ohne geht gar nicht&#8230; Werdet Ihr gerade von euren Eltern beidf\u00fcssig erzogen und glaubt nicht mehr an die Zahnfee? Dann ist es Zeit f\u00fcr die GWS-Fu\u00dfball-Talentschmiede. Hier werdet Ihr nicht zu Stadionpartisanen und Pudelm\u00fctzentr\u00e4gern ausgebildet, sondern zu elf Freunden, deren Horizont nicht am Spielfeldrand endet. ABC-Sch\u00fctzen lernen bei uns das Alphabet, wenn auch umgekehrt. [&hellip;]<\/p>\n","protected":false},"author":1,"featured_media":0,"parent":0,"menu_order":0,"comment_status":"closed","ping_status":"closed","template":"","meta":{"site-sidebar-layout":"default","site-content-layout":"default","ast-site-content-layout":"default","site-content-style":"default","site-sidebar-style":"default","ast-global-header-display":"","ast-banner-title-visibility":"","ast-main-header-display":"","ast-hfb-above-header-display":"","ast-hfb-below-header-display":"","ast-hfb-mobile-header-display":"","site-post-title":"disabled","ast-breadcrumbs-content":"","ast-featured-img":"disabled","footer-sml-layout":"","ast-disable-related-posts":"","theme-transparent-header-meta":"default","adv-header-id-meta":"","stick-header-meta":"","header-above-stick-meta":"","header-main-stick-meta":"","header-below-stick-meta":"","astra-migrate-meta-layouts":"default","ast-page-background-enabled":"default","ast-page-background-meta":{"desktop":{"background-color":"","background-image":"","background-repeat":"repeat","background-position":"center center","background-size":"auto","background-attachment":"scroll","background-type":"","background-media":"","overlay-type":"","overlay-color":"","overlay-opacity":"","overlay-gradient":""},"tablet":{"background-color":"","background-image":"","background-repeat":"repeat","background-position":"center center","background-size":"auto","background-attachment":"scroll","background-type":"","background-media":"","overlay-type":"","overlay-color":"","overlay-opacity":"","overlay-gradient":""},"mobile":{"background-color":"","background-image":"","background-repeat":"repeat","background-position":"center center","background-size":"auto","background-attachment":"scroll","background-type":"","background-media":"","overlay-type":"","overlay-color":"","overlay-opacity":"","overlay-gradient":""}},"ast-content-background-meta":{"desktop":{"background-color":"var(--ast-global-color-5)","background-image":"","background-repeat":"repeat","background-position":"center center","background-size":"auto","background-attachment":"scroll","background-type":"","background-media":"","overlay-type":"","overlay-color":"","overlay-opacity":"","overlay-gradient":""},"tablet":{"background-color":"var(--ast-global-color-5)","background-image":"","background-repeat":"repeat","background-position":"center center","background-size":"auto","background-attachment":"scroll","background-type":"","background-media":"","overlay-type":"","overlay-color":"","overlay-opacity":"","overlay-gradient":""},"mobile":{"background-color":"var(--ast-global-color-5)","background-image":"","background-repeat":"repeat","background-position":"center center","background-size":"auto","background-attachment":"scroll","background-type":"","background-media":"","overlay-type":"","overlay-color":"","overlay-opacity":"","overlay-gradient":""}},"footnotes":""},"class_list":["post-3115","page","type-page","status-publish","hentry"],"_links":{"self":[{"href":"http:\/\/relaunch.gruen-weiss-suentel.de\/index.php?rest_route=\/wp\/v2\/pages\/3115","targetHints":{"allow":["GET"]}}],"collection":[{"href":"http:\/\/relaunch.gruen-weiss-suentel.de\/index.php?rest_route=\/wp\/v2\/pages"}],"about":[{"href":"http:\/\/relaunch.gruen-weiss-suentel.de\/index.php?rest_route=\/wp\/v2\/types\/page"}],"author":[{"embeddable":true,"href":"http:\/\/relaunch.gruen-weiss-suentel.de\/index.php?rest_route=\/wp\/v2\/users\/1"}],"replies":[{"embeddable":true,"href":"http:\/\/relaunch.gruen-weiss-suentel.de\/index.php?rest_route=%2Fwp%2Fv2%2Fcomments&post=3115"}],"version-history":[{"count":0,"href":"http:\/\/relaunch.gruen-weiss-suentel.de\/index.php?rest_route=\/wp\/v2\/pages\/3115\/revisions"}],"wp:attachment":[{"href":"http:\/\/relaunch.gruen-weiss-suentel.de\/index.php?rest_route=%2Fwp%2Fv2%2Fmedia&parent=3115"}],"curies":[{"name":"wp","href":"https:\/\/api.w.org\/{rel}","templated":true}]}}